{"id":8,"date":"2025-04-05T22:23:20","date_gmt":"2025-04-05T20:23:20","guid":{"rendered":"https:\/\/www.az-schulratgeber.ch\/?page_id=8"},"modified":"2025-04-21T16:15:45","modified_gmt":"2025-04-21T14:15:45","slug":"startseite","status":"publish","type":"page","link":"https:\/\/www.az-schulratgeber.ch\/","title":{"rendered":"Startseite"},"content":{"rendered":"\n<p><strong>Willkommen auf der Home Page f\u00fcr den Schulratgeber<\/strong>. <\/p>\n\n\n\n<p><\/p>\n\n\n\n<p>Wir w\u00fcnschen Ihnen viel Vergn\u00fcgen beim Durchst\u00f6bern des Beratungsangebotes und hoffen bald mit Ihnen in Kontakt treten zu d\u00fcrfen. In einer digitalisierten Welt in welcher die Menschen KI&#8217;s und anderen Hilfsmittel mehr vetrauen, als auf andere Menschen, ist es mir wichtig, Ihnen zuerst meine Person vorzustellen. Menschliche Erfahrungen, Pr\u00e4gungen und emotionale F\u00e4higkeiten sind die Grundlage f\u00fcr eine zielorientierte Beratung.<\/p>\n\n\n\n<div class=\"wp-block-columns alignwide are-vertically-aligned-center is-layout-flex wp-container-core-columns-is-layout-643ced6b wp-block-columns-is-layout-flex\">\n<div class=\"wp-block-column is-vertically-aligned-center is-layout-flow wp-block-column-is-layout-flow\">\n<figure class=\"wp-block-image aligncenter size-full has-custom-border\"><img fetchpriority=\"high\" decoding=\"async\" width=\"1600\" height=\"1066\" src=\"https:\/\/www.az-schulratgeber.ch\/wp-content\/uploads\/2025\/04\/about.jpg\" alt=\"\" class=\"wp-image-10\" style=\"border-top-left-radius:150px;border-bottom-right-radius:150px;object-fit:cover\" srcset=\"https:\/\/www.az-schulratgeber.ch\/wp-content\/uploads\/2025\/04\/about.jpg 1600w, https:\/\/www.az-schulratgeber.ch\/wp-content\/uploads\/2025\/04\/about-300x200.jpg 300w, https:\/\/www.az-schulratgeber.ch\/wp-content\/uploads\/2025\/04\/about-1024x682.jpg 1024w, https:\/\/www.az-schulratgeber.ch\/wp-content\/uploads\/2025\/04\/about-768x512.jpg 768w, https:\/\/www.az-schulratgeber.ch\/wp-content\/uploads\/2025\/04\/about-1536x1023.jpg 1536w\" sizes=\"(max-width: 1600px) 100vw, 1600px\" \/><\/figure>\n<\/div>\n\n\n\n<div class=\"wp-block-column is-vertically-aligned-center is-layout-flow wp-block-column-is-layout-flow\">\n<div class=\"wp-block-group is-vertical is-content-justification-stretch is-layout-flex wp-container-core-group-is-layout-353c4f5a wp-block-group-is-layout-flex\">\n<h2 class=\"wp-block-heading has-text-align-left\">Astrid Zeiner<\/h2>\n\n\n\n<p>Als geb\u00fcrtige Bernerin bin ich seit \u00fcber zwei Jahrzehnten ein fester Bestandteil der Bildungslandschaft im Kanton Aargau. In einer Lehrerfamilie aufgewachsen, trage ich die Leidenschaft f\u00fcr Bildung und Entwicklung in meinen Genen. Mein berufliches Engagement reicht von der Unterst\u00fctzung und Entwicklung von Schulleitungen \u00fcber die Optimierung von Schulstrukturen bis hin zur Kl\u00e4rung komplexer Rollen innerhalb von Bildungseinrichtungen.<\/p>\n\n\n\n<p>Seit 2022 bringe ich diese Expertise auch in einem Bildungsprojekt in Uganda ein. Privat bin ich stolze Mutter drei erwachsener Kinder und seit \u00fcber 30 Jahren fest im Fricktal verwurzelt.<\/p>\n<\/div>\n<\/div>\n<\/div>\n\n\n\n<p><\/p>\n\n\n\n<p><strong>Fachliche Entwicklung<\/strong><\/p>\n\n\n\n<p>Mein beruflicher Werdegang begann mit einer kaufm\u00e4nnischen Ausbildung, auf die eine Weiterbildung in der beruflichen Grundbildung f\u00fcr die \u00f6ffentliche Verwaltung folgte. 2011 entschied ich mich, einen neuen Weg einzuschlagen, und absolvierte die Ausbildung zur Schulleiterin. 2023 rundete ich mein Profil mit einem MBA an der FHNW ab. Zahlreiche Weiterbildungen in den Bereichen Schulqualit\u00e4t, Elternmitwirkung, Kommunikation und \u00f6ffentlicher Verwaltung bilden die Grundlage f\u00fcr meine vielseitige Beratungst\u00e4tigkeit.<\/p>\n\n\n\n<p><\/p>\n\n\n\n<p><strong>Mein beruflicher Werdegang<\/strong><\/p>\n\n\n\n<p>\u25cf 10 Jahre Leitung der Schulverwaltung im Bildungszentrum Fricktal<\/p>\n\n\n\n<p>\u25cf 14 Jahre Schulleitung im Kanton Aargau und neu auch im Kanton Basel-Stadt<\/p>\n\n\n\n<p>\u25cf 15 Jahre Politerfahrung als Mitglied der Schulpflege und des Gemeinderats<\/p>\n\n\n\n<p>Mit \u00fcber 20 Jahren Erfahrung im Bildungswesen verstehe ich es, die Perspektiven von Schulleitungen, Lehrpersonen, Eltern und Beh\u00f6rden zusammenzuf\u00fchren. Egal ob eine kleine Dorfschule oder eine grosse st\u00e4dtische Schule \u2013 ich kenne die Herausforderungen und finde gemeinsam mit Ihnen nachhaltige L\u00f6sungen.<\/p>\n\n\n\n<p><\/p>\n\n\n\n<p><\/p>\n","protected":false},"excerpt":{"rendered":"<p>Willkommen auf der Home Page f\u00fcr den Schulratgeber. Wir w\u00fcnschen Ihnen viel Vergn\u00fcgen beim Durchst\u00f6bern des Beratungsangebotes und hoffen bald mit Ihnen in Kontakt treten zu d\u00fcrfen. In einer digitalisierten Welt in welcher die Menschen KI&#8217;s und anderen Hilfsmittel mehr vetrauen, als auf andere Menschen, ist es mir wichtig, Ihnen zuerst meine Person vorzustellen. Menschliche [&hellip;]<\/p>\n","protected":false},"author":1,"featured_media":0,"parent":0,"menu_order":0,"comment_status":"closed","ping_status":"closed","template":"","meta":{"footnotes":""},"class_list":["post-8","page","type-page","status-publish","hentry"],"_links":{"self":[{"href":"https:\/\/www.az-schulratgeber.ch\/index.php?rest_route=\/wp\/v2\/pages\/8","targetHints":{"allow":["GET"]}}],"collection":[{"href":"https:\/\/www.az-schulratgeber.ch\/index.php?rest_route=\/wp\/v2\/pages"}],"about":[{"href":"https:\/\/www.az-schulratgeber.ch\/index.php?rest_route=\/wp\/v2\/types\/page"}],"author":[{"embeddable":true,"href":"https:\/\/www.az-schulratgeber.ch\/index.php?rest_route=\/wp\/v2\/users\/1"}],"replies":[{"embeddable":true,"href":"https:\/\/www.az-schulratgeber.ch\/index.php?rest_route=%2Fwp%2Fv2%2Fcomments&post=8"}],"version-history":[{"count":14,"href":"https:\/\/www.az-schulratgeber.ch\/index.php?rest_route=\/wp\/v2\/pages\/8\/revisions"}],"predecessor-version":[{"id":109,"href":"https:\/\/www.az-schulratgeber.ch\/index.php?rest_route=\/wp\/v2\/pages\/8\/revisions\/109"}],"wp:attachment":[{"href":"https:\/\/www.az-schulratgeber.ch\/index.php?rest_route=%2Fwp%2Fv2%2Fmedia&parent=8"}],"curies":[{"name":"wp","href":"https:\/\/api.w.org\/{rel}","templated":true}]}}