{"id":60,"date":"2025-04-20T20:21:02","date_gmt":"2025-04-20T18:21:02","guid":{"rendered":"https:\/\/www.az-schulratgeber.ch\/?page_id=60"},"modified":"2025-04-21T14:39:01","modified_gmt":"2025-04-21T12:39:01","slug":"test","status":"publish","type":"page","link":"https:\/\/www.az-schulratgeber.ch\/?page_id=60","title":{"rendered":"Angebot"},"content":{"rendered":"\n<p><strong>Mein Beratungsangebot bietet praxisnahe und fundierte Unterst\u00fctzung, massgeschneidert auf die spezifischen Bed\u00fcrfnisse von Schulen und Gemeinden.<\/strong><\/p>\n\n\n\n<p>Strategische und operative Beratung und Begleitung von Schulleitungen und Gemeinder\u00e4ten. Ich unterst\u00fctze Schulleitungen und Gemeinder\u00e4te dabei, komplexe Herausforderungen sicher zu bew\u00e4ltigen und tragf\u00e4hige Entscheidungen zu treffen. Gemeinsam entwickeln wir Strategien, die auf die individuellen Anforderungen und Strukturen Ihrer Schule oder Gemeinde abgestimmt sind, um Ver\u00e4nderungen nachhaltig zu gestalten.<\/p>\n\n\n\n<p><strong>Unterst\u00fctzung bei der Gestaltung von Schul- und Gemeindeentwicklungsprozessen<\/strong><\/p>\n\n\n\n<p>Ob bei strategischen Planungen oder operativen Umsetzungen: Ich begleite Schulleitungen und Gemeinder\u00e4te dabei, Ihre Rolle innerhalb der Organisation zu sch\u00e4rfen und erfolgreich einzunehmen. Mein Ziel ist es, klare Strukturen zu schaffen, Zusammenarbeit zu f\u00f6rdern und Entwicklungsprozesse langfristig zu st\u00e4rken.<\/p>\n\n\n\n<p><strong>Moderation und Konfliktl\u00f6sung<\/strong><\/p>\n\n\n\n<p>Schulen sind lebendige Organisationen mit vielf\u00e4ltigen Interessen. Ich helfe, diese Perspektiven zu verbinden und Konflikte konstruktiv zu l\u00f6sen. Mit moderierter Kommunikation und einem l\u00f6sungsorientierten Ansatz finden wir gemeinsam Wege, die alle Beteiligten mittragen k\u00f6nnen.<\/p>\n\n\n\n<p><strong>F\u00f6rderung von Resilienz und F\u00fchrungskompetenz<\/strong><\/p>\n\n\n\n<p>In anspruchsvollen Zeiten ist Resilienz unerl\u00e4sslich. Ich unterst\u00fctze F\u00fchrungskr\u00e4fte dabei, Belastungen souver\u00e4n zu meistern, Perspektiven zu gewinnen und Klarheit in ihrer Rolle zu finden. So schaffen wir die Basis f\u00fcr eine nachhaltige und wirkungsvolle F\u00fchrung.<\/p>\n\n\n\n<p><strong>Kommunikation<\/strong><\/p>\n\n\n\n<p>Eine transparente und effektive Kommunikation ist entscheidend f\u00fcr den Erfolg von Schulen und Gemeinden. Ich berate die Schulf\u00fchrung bei der Optimierung von Kommunikationswegen und f\u00f6rdere den Dialog zwischen Gemeinder\u00e4ten, Schulleitungen, Lehrpersonen, Eltern und anderen Anspruchsgruppen, um das Vertrauen und die Zusammenarbeit zu st\u00e4rken.<\/p>\n\n\n\n<p><\/p>\n\n\n\n<hr class=\"wp-block-separator has-alpha-channel-opacity\"\/>\n\n\n\n<p><strong>Preise<\/strong><\/p>\n\n\n\n<p>Die Preisgestaltung ist noch in Arbeit. In K\u00fcrze werden wir diese Sektion beschreiben.<\/p>\n\n\n\n<hr class=\"wp-block-separator has-alpha-channel-opacity\"\/>\n\n\n\n<p><strong>Anfrage<\/strong><\/p>\n\n\n<div class=\"wpforms-container wpforms-container-full wpforms-block wpforms-block-e8d28ebb-8578-4e9f-abdf-5b23eb90ddf8 wpforms-render-modern\" id=\"wpforms-80\"><form id=\"wpforms-form-80\" class=\"wpforms-validate wpforms-form wpforms-ajax-form\" data-formid=\"80\" method=\"post\" enctype=\"multipart\/form-data\" action=\"\/index.php?rest_route=%2Fwp%2Fv2%2Fpages%2F60\" data-token=\"4c2a4923596c0ac2c0a2ac18338b9bc5\" data-token-time=\"1775892273\"><noscript class=\"wpforms-error-noscript\">Bitte aktivieren Sie JavaScript in Ihrem Browser, um dieses Formular fertigzustellen.<\/noscript><div id=\"wpforms-error-noscript\" style=\"display: none;\">Bitte aktivieren Sie JavaScript in Ihrem Browser, um dieses Formular fertigzustellen.<\/div><div class=\"wpforms-field-container\">\t\t<div id=\"wpforms-80-field_4-container\"\n\t\t\tclass=\"wpforms-field wpforms-field-text\"\n\t\t\tdata-field-type=\"text\"\n\t\t\tdata-field-id=\"4\"\n\t\t\t>\n\t\t\t<label class=\"wpforms-field-label\" for=\"wpforms-80-field_4\" >Name Mitteilung E-Mail<\/label>\n\t\t\t<input type=\"text\" id=\"wpforms-80-field_4\" class=\"wpforms-field-medium\" name=\"wpforms[fields][4]\" >\n\t\t<\/div>\n\t\t<div id=\"wpforms-80-field_1-container\" class=\"wpforms-field wpforms-field-name\" data-field-id=\"1\"><fieldset><legend class=\"wpforms-field-label\">Name <span class=\"wpforms-required-label\" aria-hidden=\"true\">*<\/span><\/legend><div class=\"wpforms-field-row wpforms-field-medium\"><div class=\"wpforms-field-row-block wpforms-first wpforms-one-half\"><input type=\"text\" id=\"wpforms-80-field_1\" class=\"wpforms-field-name-first wpforms-field-required\" name=\"wpforms[fields][1][first]\" aria-errormessage=\"wpforms-80-field_1-error\" required><label for=\"wpforms-80-field_1\" class=\"wpforms-field-sublabel after\">Vorname<\/label><\/div><div class=\"wpforms-field-row-block wpforms-one-half\"><input type=\"text\" id=\"wpforms-80-field_1-last\" class=\"wpforms-field-name-last wpforms-field-required\" name=\"wpforms[fields][1][last]\" aria-errormessage=\"wpforms-80-field_1-last-error\" required><label for=\"wpforms-80-field_1-last\" class=\"wpforms-field-sublabel after\">Nachname<\/label><\/div><\/div><\/fieldset><\/div><div id=\"wpforms-80-field_2-container\" class=\"wpforms-field wpforms-field-email\" data-field-id=\"2\"><label class=\"wpforms-field-label\" for=\"wpforms-80-field_2\">E-Mail <span class=\"wpforms-required-label\" aria-hidden=\"true\">*<\/span><\/label><input type=\"email\" id=\"wpforms-80-field_2\" class=\"wpforms-field-medium wpforms-field-required\" name=\"wpforms[fields][2]\" spellcheck=\"false\" aria-errormessage=\"wpforms-80-field_2-error\" required><\/div><div id=\"wpforms-80-field_3-container\" class=\"wpforms-field wpforms-field-textarea\" data-field-id=\"3\"><label class=\"wpforms-field-label\" for=\"wpforms-80-field_3\">Mitteilung <span class=\"wpforms-required-label\" aria-hidden=\"true\">*<\/span><\/label><textarea id=\"wpforms-80-field_3\" class=\"wpforms-field-medium wpforms-field-required\" name=\"wpforms[fields][3]\" aria-errormessage=\"wpforms-80-field_3-error\" required><\/textarea><\/div><script>\n\t\t\t\t( function() {\n\t\t\t\t\tconst style = document.createElement( 'style' );\n\t\t\t\t\tstyle.appendChild( document.createTextNode( '#wpforms-80-field_4-container { position: absolute !important; overflow: hidden !important; display: inline !important; height: 1px !important; width: 1px !important; z-index: -1000 !important; padding: 0 !important; } #wpforms-80-field_4-container input { visibility: hidden; } #wpforms-conversational-form-page #wpforms-80-field_4-container label { counter-increment: none; }' ) );\n\t\t\t\t\tdocument.head.appendChild( style );\n\t\t\t\t\tdocument.currentScript?.remove();\n\t\t\t\t} )();\n\t\t\t<\/script><\/div><!-- .wpforms-field-container --><div class=\"wpforms-submit-container\" ><input type=\"hidden\" name=\"wpforms[id]\" value=\"80\"><input type=\"hidden\" name=\"page_title\" value=\"\"><input type=\"hidden\" name=\"page_url\" value=\"https:\/\/www.az-schulratgeber.ch\/index.php?rest_route=\/wp\/v2\/pages\/60\"><input type=\"hidden\" name=\"url_referer\" value=\"\"><button type=\"submit\" name=\"wpforms[submit]\" id=\"wpforms-submit-80\" class=\"wpforms-submit\" data-alt-text=\"Senden\u2026\" data-submit-text=\"Absenden\" aria-live=\"assertive\" value=\"wpforms-submit\">Absenden<\/button><img decoding=\"async\" src=\"https:\/\/www.az-schulratgeber.ch\/wp-content\/plugins\/wpforms-lite\/assets\/images\/submit-spin.svg\" class=\"wpforms-submit-spinner\" style=\"display: none;\" width=\"26\" height=\"26\" alt=\"Wird geladen\"><\/div><\/form><\/div>  <!-- .wpforms-container -->","protected":false},"excerpt":{"rendered":"<p>Mein Beratungsangebot bietet praxisnahe und fundierte Unterst\u00fctzung, massgeschneidert auf die spezifischen Bed\u00fcrfnisse von Schulen und Gemeinden. Strategische und operative Beratung und Begleitung von Schulleitungen und Gemeinder\u00e4ten. Ich unterst\u00fctze Schulleitungen und Gemeinder\u00e4te dabei, komplexe Herausforderungen sicher zu bew\u00e4ltigen und tragf\u00e4hige Entscheidungen zu treffen. Gemeinsam entwickeln wir Strategien, die auf die individuellen Anforderungen und Strukturen Ihrer Schule [&hellip;]<\/p>\n","protected":false},"author":1,"featured_media":0,"parent":0,"menu_order":0,"comment_status":"closed","ping_status":"closed","template":"","meta":{"footnotes":""},"class_list":["post-60","page","type-page","status-publish","hentry"],"_links":{"self":[{"href":"https:\/\/www.az-schulratgeber.ch\/index.php?rest_route=\/wp\/v2\/pages\/60","targetHints":{"allow":["GET"]}}],"collection":[{"href":"https:\/\/www.az-schulratgeber.ch\/index.php?rest_route=\/wp\/v2\/pages"}],"about":[{"href":"https:\/\/www.az-schulratgeber.ch\/index.php?rest_route=\/wp\/v2\/types\/page"}],"author":[{"embeddable":true,"href":"https:\/\/www.az-schulratgeber.ch\/index.php?rest_route=\/wp\/v2\/users\/1"}],"replies":[{"embeddable":true,"href":"https:\/\/www.az-schulratgeber.ch\/index.php?rest_route=%2Fwp%2Fv2%2Fcomments&post=60"}],"version-history":[{"count":7,"href":"https:\/\/www.az-schulratgeber.ch\/index.php?rest_route=\/wp\/v2\/pages\/60\/revisions"}],"predecessor-version":[{"id":97,"href":"https:\/\/www.az-schulratgeber.ch\/index.php?rest_route=\/wp\/v2\/pages\/60\/revisions\/97"}],"wp:attachment":[{"href":"https:\/\/www.az-schulratgeber.ch\/index.php?rest_route=%2Fwp%2Fv2%2Fmedia&parent=60"}],"curies":[{"name":"wp","href":"https:\/\/api.w.org\/{rel}","templated":true}]}}